{"id":142,"date":"2025-10-10T17:01:12","date_gmt":"2025-10-10T16:01:12","guid":{"rendered":"https:\/\/www.apekunheim.fr\/?page_id=142"},"modified":"2025-12-10T02:04:26","modified_gmt":"2025-12-10T01:04:26","slug":"commande-de-miel-nougat","status":"publish","type":"page","link":"https:\/\/www.apekunheim.fr\/?page_id=142","title":{"rendered":"Commande de Miel et Nougat"},"content":{"rendered":"\n<figure class=\"wp-block-image aligncenter size-large is-resized\"><img loading=\"lazy\" decoding=\"async\" width=\"1024\" height=\"683\" src=\"https:\/\/www.apekunheim.fr\/wp-content\/uploads\/2025\/12\/nougat-d-amande-de-noel-sur-un-fond-d-ardoise-noire-1024x683.jpg\" alt=\"\" class=\"wp-image-324\" style=\"width:505px;height:auto\" srcset=\"https:\/\/www.apekunheim.fr\/wp-content\/uploads\/2025\/12\/nougat-d-amande-de-noel-sur-un-fond-d-ardoise-noire-1024x683.jpg 1024w, https:\/\/www.apekunheim.fr\/wp-content\/uploads\/2025\/12\/nougat-d-amande-de-noel-sur-un-fond-d-ardoise-noire-300x200.jpg 300w, https:\/\/www.apekunheim.fr\/wp-content\/uploads\/2025\/12\/nougat-d-amande-de-noel-sur-un-fond-d-ardoise-noire-768x512.jpg 768w, https:\/\/www.apekunheim.fr\/wp-content\/uploads\/2025\/12\/nougat-d-amande-de-noel-sur-un-fond-d-ardoise-noire-1536x1024.jpg 1536w, https:\/\/www.apekunheim.fr\/wp-content\/uploads\/2025\/12\/nougat-d-amande-de-noel-sur-un-fond-d-ardoise-noire-2048x1365.jpg 2048w\" sizes=\"auto, (max-width: 1024px) 100vw, 1024px\" \/><\/figure>\n\n\n\n<p><em>Quels sont les produits propos\u00e9s?<\/em><\/p>\n\n\n\n<p><\/p>\n\n\n\n<p>Cette ann\u00e9e nous vous proposons les nougats de Suprem&rsquo;Nougat et du miel du Rucher des 3 ch\u00e2teaux.<br>Retrouvez toutes les informations sur les produits et le bon de commande \u00e0 t\u00e9l\u00e9charger en bas de page.<\/p>\n\n\n\n<p><\/p>\n\n\n\n<p><strong><em>Comment faire ?<\/em><\/strong><\/p>\n\n\n\n<p>Deux possibilit\u00e9s pour passer commande :<\/p>\n\n\n\n<p><\/p>\n\n\n\n<p>1. Remplir le formulaire t\u00e9l\u00e9chargeable en bas de page (un seul par enfant veuillez regrouper vos commandes) et joindre votre r\u00e8glement par ch\u00e8que \u00e0 l\u2019ordre de l APEEK ou en esp\u00e8ces (montant exact le trop per\u00e7u \u00e9tant consid\u00e9r\u00e9 comme don pour l\u2019APEEK)<\/p>\n\n\n\n<p>2. Scanner le QR code ci-apr\u00e8s ou <a href=\"https:\/\/www.payasso.fr\/apeek\/miel-et-nougats\">cliquez ici<\/a>, faire votre commande sur le site qui s\u2019affiche et payer directement en ligne par carte bancaire. (Attention vous devez recevoir un mail de confirmation suite au paiement de votre commande).<\/p>\n\n\n\n<p class=\"has-text-align-center\"><mark style=\"background-color:rgba(0, 0, 0, 0);color:#f7e88c\" class=\"has-inline-color\">avant le Mardi 4 NOVEMBRE 2025 dernier d\u00e9lai.<\/mark><\/p>\n\n\n\n<p><\/p>\n\n\n\n<p><strong><em>Quand recevrai-je mes produits ?<\/em><\/strong><\/p>\n\n\n\n<p><\/p>\n\n\n\n<p>Les commandes seront livr\u00e9es \u00e0 la Salle Kegreiss (\u00e0 c\u00f4t\u00e9 de l\u2019\u00e9glise)<\/p>\n\n\n\n<p>le MERCREDI 3 d\u00e9cembre 2024 de 16h \u00e0 19h.<\/p>\n\n\n\n<p><\/p>\n\n\n\n<p class=\"has-text-align-center\"><mark style=\"background-color:rgba(0, 0, 0, 0);color:#f7e88c\" class=\"has-inline-color\">Si vous \u00eates dans l\u2019impossibilit\u00e9 de venir chercher votre commande, merci de prendre contact avec l\u2019APEEK au 0675048537 ou <a href=\"mailto:ape.kunheim@gmail.com\" target=\"_blank\" rel=\"noreferrer noopener\">ape.kunheim@gmail.com<\/a><\/mark><\/p>\n\n\n\n<p><\/p>\n\n\n\n<p>A vous ensuite de trier votre commande et de faire la livraison \u00e0 vos acheteurs.<\/p>\n\n\n\n<p><\/p>\n\n\n\n<div class=\"wp-block-file aligncenter\"><a id=\"wp-block-file--media-b6263a05-beb6-44ea-99a7-b5dbe864c1d3\" href=\"https:\/\/www.apekunheim.fr\/wp-content\/uploads\/2025\/10\/Miel-et-nougats.pdf\">Miel et nougats<\/a><a href=\"https:\/\/www.apekunheim.fr\/wp-content\/uploads\/2025\/10\/Miel-et-nougats.pdf\" class=\"wp-block-file__button wp-element-button\" download aria-describedby=\"wp-block-file--media-b6263a05-beb6-44ea-99a7-b5dbe864c1d3\">T\u00e9l\u00e9charger<\/a><\/div>\n\n\n\n<div class=\"wp-block-group is-content-justification-space-between is-nowrap is-layout-flex wp-container-core-group-is-layout-cb46ffcb wp-block-group-is-layout-flex\">\n\n<\/div>\n","protected":false},"excerpt":{"rendered":"<p>Quels sont les produits propos\u00e9s? Cette ann\u00e9e nous vous proposons les nougats de Suprem&rsquo;Nougat et du miel du Rucher des 3 ch\u00e2teaux.Retrouvez toutes les informations sur les produits et le bon de commande \u00e0 t\u00e9l\u00e9charger en bas de page. Comment faire ? Deux possibilit\u00e9s pour passer commande : 1. Remplir le formulaire t\u00e9l\u00e9chargeable en bas [&hellip;]<\/p>\n","protected":false},"author":1,"featured_media":324,"parent":0,"menu_order":0,"comment_status":"closed","ping_status":"closed","template":"","meta":{"footnotes":""},"class_list":["post-142","page","type-page","status-publish","has-post-thumbnail","hentry"],"_links":{"self":[{"href":"https:\/\/www.apekunheim.fr\/index.php?rest_route=\/wp\/v2\/pages\/142","targetHints":{"allow":["GET"]}}],"collection":[{"href":"https:\/\/www.apekunheim.fr\/index.php?rest_route=\/wp\/v2\/pages"}],"about":[{"href":"https:\/\/www.apekunheim.fr\/index.php?rest_route=\/wp\/v2\/types\/page"}],"author":[{"embeddable":true,"href":"https:\/\/www.apekunheim.fr\/index.php?rest_route=\/wp\/v2\/users\/1"}],"replies":[{"embeddable":true,"href":"https:\/\/www.apekunheim.fr\/index.php?rest_route=%2Fwp%2Fv2%2Fcomments&post=142"}],"version-history":[{"count":8,"href":"https:\/\/www.apekunheim.fr\/index.php?rest_route=\/wp\/v2\/pages\/142\/revisions"}],"predecessor-version":[{"id":325,"href":"https:\/\/www.apekunheim.fr\/index.php?rest_route=\/wp\/v2\/pages\/142\/revisions\/325"}],"wp:featuredmedia":[{"embeddable":true,"href":"https:\/\/www.apekunheim.fr\/index.php?rest_route=\/wp\/v2\/media\/324"}],"wp:attachment":[{"href":"https:\/\/www.apekunheim.fr\/index.php?rest_route=%2Fwp%2Fv2%2Fmedia&parent=142"}],"curies":[{"name":"wp","href":"https:\/\/api.w.org\/{rel}","templated":true}]}}