{"id":30,"date":"2025-09-24T12:37:46","date_gmt":"2025-09-24T10:37:46","guid":{"rendered":"https:\/\/apekunheim-ymvcw.wordpress.com\/?page_id=30"},"modified":"2025-11-21T00:54:06","modified_gmt":"2025-11-20T23:54:06","slug":"tombola-dhalloween","status":"publish","type":"page","link":"https:\/\/www.apekunheim.fr\/?page_id=30","title":{"rendered":"Tombola d&rsquo;Halloween"},"content":{"rendered":"\n<figure class=\"wp-block-image aligncenter size-full is-resized\"><img loading=\"lazy\" decoding=\"async\" width=\"600\" height=\"600\" src=\"https:\/\/otseycb.cluster021.hosting.ovh.net\/wp-content\/uploads\/2025\/09\/autocollant-citrouille-sorciere.png\" alt=\"\" class=\"wp-image-36\" style=\"width:143px;height:auto\" srcset=\"https:\/\/www.apekunheim.fr\/wp-content\/uploads\/2025\/09\/autocollant-citrouille-sorciere.png 600w, https:\/\/www.apekunheim.fr\/wp-content\/uploads\/2025\/09\/autocollant-citrouille-sorciere-300x300.png 300w, https:\/\/www.apekunheim.fr\/wp-content\/uploads\/2025\/09\/autocollant-citrouille-sorciere-150x150.png 150w\" sizes=\"auto, (max-width: 600px) 100vw, 600px\" \/><\/figure>\n\n\n\n<p><em>Fonctionnement :<\/em><\/p>\n\n\n\n<p>Chaque enfant aura une grille de tombola \u00e0 remplir, contenant 8 tickets de tombola (2 \u20ac\/ticket).<\/p>\n\n\n\n<p><strong>&nbsp;Pour chaque grille de tombola COMPL\u00c8TE,<\/strong> un tirage au sort sera effectu\u00e9 et un lot de 750g de bonbon Haribo sera attribu\u00e9 \u00e0<strong> <\/strong>l&rsquo;un des 8 num\u00e9ros.<\/p>\n\n\n\n<p><\/p>\n\n\n\n<p><strong>AUCUN lot ne sera distribu\u00e9 pour les grilles incompl\u00e8tes<\/strong> et <strong>CHAQUE grille compl\u00e8te rapporte 1 lot.<\/strong><\/p>\n\n\n\n<p><\/p>\n\n\n\n<p>Merci de retourner dans le cahier de liaison, les grilles compl\u00e9t\u00e9es ainsi que le r\u00e8glement, soit en esp\u00e8ces (compte exact, le surplus sera consid\u00e9r\u00e9 comme un don \u00e0 l\u2019APEEK), soit par ch\u00e8que \u00e0 l\u2019ordre de l &lsquo;APEEK, dans une enveloppe ferm\u00e9e avec le NOM de l&rsquo;\u00e9l\u00e8ve ainsi que sa classe inscrite dessus <strong>au plus tard le vendredi 10\/10\/2025<\/strong>.<\/p>\n\n\n\n<p><\/p>\n\n\n\n<p><strong>La distribution des lots aura lieu le vendredi 17\/10\/2025 entre 16h et 18h30 \u00e0 la salle K\u00e9greiss.<\/strong><\/p>\n\n\n\n<p><\/p>\n\n\n\n<p><\/p>\n\n\n\n<p><strong><em>Gains&nbsp;:<\/em><\/strong><\/p>\n\n\n\n<p><strong>Pour toutes les classes (\u00e9coles maternelle et \u00e9l\u00e9mentaire)&nbsp;:<\/strong> les gains seront revers\u00e9s dans un pot commun par \u00e9cole, qui servira \u00e0 financer les sorties scolaires et les diff\u00e9rents projets des \u00e9coles.<\/p>\n\n\n\n<p><\/p>\n\n\n\n<p class=\"is-style-default\"><strong><em>Vous pouvez photocopier ce formulaire autant de fois que n\u00e9cessaire, si vous souhaitez vendre plus de tombolas\u00a0! Cela ne fera que plus de b\u00e9n\u00e9fices pour le compte de votre enfant et des \u00e9coles\u00a0!<\/em><\/strong> <strong><mark style=\"background-color:rgba(0, 0, 0, 0);color:#f7e88c\" class=\"has-inline-color\">Le fichier est t\u00e9l\u00e9chargeable ci-dessous.<\/mark><\/strong><\/p>\n\n\n\n<p>&#8212;&#8212;&#8212;&#8212;&#8212;&#8212;&#8212;&#8212;&#8212;&#8212;&#8212;&#8212;&#8212;&#8212;&#8212;&#8212;&#8212;&#8212;&#8212;&#8212;&#8212;&#8212;&#8212;&#8212;&#8212;&#8212;&#8212;&#8212;&#8212;&#8212;&#8212;&#8212;&#8212;&#8212;&#8212;<\/p>\n\n\n\n<figure class=\"wp-block-image aligncenter size-full is-resized\"><img loading=\"lazy\" decoding=\"async\" width=\"512\" height=\"512\" src=\"http:\/\/otseycb.cluster021.hosting.ovh.net\/wp-content\/uploads\/2025\/09\/cropped-logo-apeek-94x94px.jpg\" alt=\"\" class=\"wp-image-12\" style=\"width:105px;height:auto\" srcset=\"https:\/\/www.apekunheim.fr\/wp-content\/uploads\/2025\/09\/cropped-logo-apeek-94x94px.jpg 512w, https:\/\/www.apekunheim.fr\/wp-content\/uploads\/2025\/09\/cropped-logo-apeek-94x94px-300x300.jpg 300w, https:\/\/www.apekunheim.fr\/wp-content\/uploads\/2025\/09\/cropped-logo-apeek-94x94px-150x150.jpg 150w\" sizes=\"auto, (max-width: 512px) 100vw, 512px\" \/><\/figure>\n\n\n\n<p class=\"has-text-align-center\" style=\"font-size:clamp(26.944px, 1.684rem + ((1vw - 3.2px) * 2.165), 46px);\"><strong>TOMBOLA D\u2019HALLOWEEN<\/strong><\/p>\n\n\n\n<p><strong>Nom de l\u2019\u00e9l\u00e8ve&nbsp;:&nbsp;<\/strong><\/p>\n\n\n\n<p><strong>Classe&nbsp;:<\/strong><\/p>\n\n\n\n<p><strong>Adresse&nbsp;:<\/strong><\/p>\n\n\n\n<p><strong>N\u00b0 de t\u00e9l\u00e9phone&nbsp;d\u2019un parent&nbsp;:<\/strong><\/p>\n\n\n\n<figure class=\"wp-block-table aligncenter\"><table class=\"has-fixed-layout\"><tbody><tr><td class=\"has-text-align-center\" data-align=\"center\">1 <br>Nom :<br><br><mark style=\"background-color:rgba(0, 0, 0, 0);color:#abb8c3\" class=\"has-inline-color\">(2\u20ac)<\/mark><\/td><td class=\"has-text-align-center\" data-align=\"center\">2<br>Nom :<br><br><mark style=\"background-color:rgba(0, 0, 0, 0);color:#abb8c3\" class=\"has-inline-color\">(2\u20ac)<\/mark><\/td><td class=\"has-text-align-center\" data-align=\"center\">3<br>Nom :<br><br><mark style=\"background-color:rgba(0, 0, 0, 0);color:#abb8c3\" class=\"has-inline-color\">(2\u20ac)<\/mark><\/td><td class=\"has-text-align-center\" data-align=\"center\">4<br>Nom :<br><br><mark style=\"background-color:rgba(0, 0, 0, 0);color:#abb8c3\" class=\"has-inline-color\">(2\u20ac)<\/mark><\/td><\/tr><tr><td class=\"has-text-align-center\" data-align=\"center\">5<br>Nom :<br><br><mark style=\"background-color:rgba(0, 0, 0, 0);color:#abb8c3\" class=\"has-inline-color\">(2\u20ac)<\/mark><\/td><td class=\"has-text-align-center\" data-align=\"center\">6<br>Nom :<br><br><mark style=\"background-color:rgba(0, 0, 0, 0);color:#abb8c3\" class=\"has-inline-color\">(2\u20ac)<\/mark><\/td><td class=\"has-text-align-center\" data-align=\"center\">7<br>Nom :<br><br><mark style=\"background-color:rgba(0, 0, 0, 0);color:#abb8c3\" class=\"has-inline-color\">(2\u20ac)<\/mark><\/td><td class=\"has-text-align-center\" data-align=\"center\">8<br>Nom :<br><br><mark style=\"background-color:rgba(0, 0, 0, 0);color:#abb8c3\" class=\"has-inline-color\">(2\u20ac)<\/mark><\/td><\/tr><\/tbody><\/table><\/figure>\n\n\n\n<figure class=\"wp-block-image aligncenter size-full is-resized has-custom-border is-style-rounded\" style=\"margin-top:0;margin-right:0;margin-bottom:0;margin-left:0\"><img loading=\"lazy\" decoding=\"async\" width=\"225\" height=\"225\" src=\"https:\/\/otseycb.cluster021.hosting.ovh.net\/wp-content\/uploads\/2025\/09\/telechargement.jpeg\" alt=\"\" class=\"wp-image-38\" style=\"border-style:none;border-width:0px;border-radius:0px;width:169px;height:auto\" srcset=\"https:\/\/www.apekunheim.fr\/wp-content\/uploads\/2025\/09\/telechargement.jpeg 225w, https:\/\/www.apekunheim.fr\/wp-content\/uploads\/2025\/09\/telechargement-150x150.jpeg 150w\" sizes=\"auto, (max-width: 225px) 100vw, 225px\" \/><\/figure>\n\n\n\n<figure class=\"wp-block-table is-style-regular\"><table class=\"has-fixed-layout\" style=\"border-style:none;border-width:0px\"><tbody><tr><td class=\"has-text-align-center\" data-align=\"center\" rowspan=\"2\">1 gain pour 8 tombolas vendues<\/td><\/tr><\/tbody><\/table><\/figure>\n\n\n\n<div class=\"wp-block-file aligncenter\"><a id=\"wp-block-file--media-ebf8d9e7-4338-4f15-ad84-3c23258da53a\" href=\"https:\/\/otseycb.cluster021.hosting.ovh.net\/wp-content\/uploads\/2025\/09\/TOMBOLA-halloween-1.pdf\">TOMBOLA halloween<\/a><a href=\"https:\/\/otseycb.cluster021.hosting.ovh.net\/wp-content\/uploads\/2025\/09\/TOMBOLA-halloween-1.pdf\" class=\"wp-block-file__button wp-element-button\" download aria-describedby=\"wp-block-file--media-ebf8d9e7-4338-4f15-ad84-3c23258da53a\">T\u00e9l\u00e9charger<\/a><\/div>\n","protected":false},"excerpt":{"rendered":"<p>Fonctionnement : Chaque enfant aura une grille de tombola \u00e0 remplir, contenant 8 tickets de tombola (2 \u20ac\/ticket). &nbsp;Pour chaque grille de tombola COMPL\u00c8TE, un tirage au sort sera effectu\u00e9 et un lot de 750g de bonbon Haribo sera attribu\u00e9 \u00e0 l&rsquo;un des 8 num\u00e9ros. AUCUN lot ne sera distribu\u00e9 pour les grilles incompl\u00e8tes et [&hellip;]<\/p>\n","protected":false},"author":2,"featured_media":0,"parent":0,"menu_order":2,"comment_status":"closed","ping_status":"closed","template":"","meta":{"footnotes":""},"class_list":["post-30","page","type-page","status-publish","hentry"],"_links":{"self":[{"href":"https:\/\/www.apekunheim.fr\/index.php?rest_route=\/wp\/v2\/pages\/30","targetHints":{"allow":["GET"]}}],"collection":[{"href":"https:\/\/www.apekunheim.fr\/index.php?rest_route=\/wp\/v2\/pages"}],"about":[{"href":"https:\/\/www.apekunheim.fr\/index.php?rest_route=\/wp\/v2\/types\/page"}],"author":[{"embeddable":true,"href":"https:\/\/www.apekunheim.fr\/index.php?rest_route=\/wp\/v2\/users\/2"}],"replies":[{"embeddable":true,"href":"https:\/\/www.apekunheim.fr\/index.php?rest_route=%2Fwp%2Fv2%2Fcomments&post=30"}],"version-history":[{"count":7,"href":"https:\/\/www.apekunheim.fr\/index.php?rest_route=\/wp\/v2\/pages\/30\/revisions"}],"predecessor-version":[{"id":285,"href":"https:\/\/www.apekunheim.fr\/index.php?rest_route=\/wp\/v2\/pages\/30\/revisions\/285"}],"wp:attachment":[{"href":"https:\/\/www.apekunheim.fr\/index.php?rest_route=%2Fwp%2Fv2%2Fmedia&parent=30"}],"curies":[{"name":"wp","href":"https:\/\/api.w.org\/{rel}","templated":true}]}}