{"id":314,"date":"2025-12-10T01:46:34","date_gmt":"2025-12-10T00:46:34","guid":{"rendered":"https:\/\/www.apekunheim.fr\/?page_id=314"},"modified":"2025-12-10T02:27:52","modified_gmt":"2025-12-10T01:27:52","slug":"produits-du-jura","status":"publish","type":"page","link":"https:\/\/www.apekunheim.fr\/?page_id=314","title":{"rendered":"Produits du Jura"},"content":{"rendered":"\n<div class=\"wp-block-group is-nowrap is-layout-flex wp-container-core-group-is-layout-6c531013 wp-block-group-is-layout-flex\">\n<figure class=\"wp-block-image size-large\"><img loading=\"lazy\" decoding=\"async\" width=\"1024\" height=\"574\" src=\"https:\/\/www.apekunheim.fr\/wp-content\/uploads\/2025\/12\/plateau-conclusion-664860cd9276a733657375-1024x574.webp\" alt=\"\" class=\"wp-image-316\" srcset=\"https:\/\/www.apekunheim.fr\/wp-content\/uploads\/2025\/12\/plateau-conclusion-664860cd9276a733657375-1024x574.webp 1024w, https:\/\/www.apekunheim.fr\/wp-content\/uploads\/2025\/12\/plateau-conclusion-664860cd9276a733657375-300x168.webp 300w, https:\/\/www.apekunheim.fr\/wp-content\/uploads\/2025\/12\/plateau-conclusion-664860cd9276a733657375-768x430.webp 768w, https:\/\/www.apekunheim.fr\/wp-content\/uploads\/2025\/12\/plateau-conclusion-664860cd9276a733657375.webp 1456w\" sizes=\"auto, (max-width: 1024px) 100vw, 1024px\" \/><\/figure>\n<\/div>\n\n\n\n<p>L\u2019APEEK vous propose sa vente de fromages et produits du Jura ! <\/p>\n\n\n\n<p>Nous vous proposons \u00e0 nouveau cette ann\u00e9e, les produits venant du Jura de la fruiti\u00e8re de Ga\u00ebl Billotte.<\/p>\n\n\n\n<p>Pour commander vous avez 2 options cette ann\u00e9e :<\/p>\n\n\n\n<p>1. Faire votre commande sur le site <a href=\"https:\/\/www.payasso.fr\/apeek\/fromagejura\">en cliquant ici<\/a> et payer directement en ligne par carte bancaire.<\/p>\n\n\n\n<p><\/p>\n\n\n\n<p>2. Remplir le formulaire t\u00e9l\u00e9chargeable ci dessous (un seul par enfant, merci de regrouper vos commandes) et joindre votre r\u00e8glement par ch\u00e8que \u00e0 l\u2019ordre de l APEEK ou en esp\u00e8ces (montant exact le trop per\u00e7u \u00e9tant consid\u00e9r\u00e9 comme don pour l\u2019APEEK)<\/p>\n\n\n\n<p><\/p>\n\n\n\n<p>Retour des commandes au plus tard le 05 janvier 2026 par les \u00e9coles ou sur le site de commande<\/p>\n\n\n\n<p>La livraison aura lieu le 14 janvier 2026 \u00e0 la salle Kegreiss<\/p>\n\n\n\n<p><\/p>\n\n\n\n<div class=\"wp-block-file\"><a id=\"wp-block-file--media-b2023cd0-dec8-497c-ba6a-50da2794fd92\" href=\"https:\/\/www.apekunheim.fr\/wp-content\/uploads\/2025\/12\/bon-de-commande.pdf\">bon de commande<\/a><a href=\"https:\/\/www.apekunheim.fr\/wp-content\/uploads\/2025\/12\/bon-de-commande.pdf\" class=\"wp-block-file__button wp-element-button\" download aria-describedby=\"wp-block-file--media-b2023cd0-dec8-497c-ba6a-50da2794fd92\">T\u00e9l\u00e9charger<\/a><\/div>\n","protected":false},"excerpt":{"rendered":"<p>L\u2019APEEK vous propose sa vente de fromages et produits du Jura ! Nous vous proposons \u00e0 nouveau cette ann\u00e9e, les produits venant du Jura de la fruiti\u00e8re de Ga\u00ebl Billotte. Pour commander vous avez 2 options cette ann\u00e9e : 1. Faire votre commande sur le site en cliquant ici et payer directement en ligne par [&hellip;]<\/p>\n","protected":false},"author":1,"featured_media":316,"parent":0,"menu_order":0,"comment_status":"closed","ping_status":"closed","template":"","meta":{"footnotes":""},"class_list":["post-314","page","type-page","status-publish","has-post-thumbnail","hentry"],"_links":{"self":[{"href":"https:\/\/www.apekunheim.fr\/index.php?rest_route=\/wp\/v2\/pages\/314","targetHints":{"allow":["GET"]}}],"collection":[{"href":"https:\/\/www.apekunheim.fr\/index.php?rest_route=\/wp\/v2\/pages"}],"about":[{"href":"https:\/\/www.apekunheim.fr\/index.php?rest_route=\/wp\/v2\/types\/page"}],"author":[{"embeddable":true,"href":"https:\/\/www.apekunheim.fr\/index.php?rest_route=\/wp\/v2\/users\/1"}],"replies":[{"embeddable":true,"href":"https:\/\/www.apekunheim.fr\/index.php?rest_route=%2Fwp%2Fv2%2Fcomments&post=314"}],"version-history":[{"count":5,"href":"https:\/\/www.apekunheim.fr\/index.php?rest_route=\/wp\/v2\/pages\/314\/revisions"}],"predecessor-version":[{"id":336,"href":"https:\/\/www.apekunheim.fr\/index.php?rest_route=\/wp\/v2\/pages\/314\/revisions\/336"}],"wp:featuredmedia":[{"embeddable":true,"href":"https:\/\/www.apekunheim.fr\/index.php?rest_route=\/wp\/v2\/media\/316"}],"wp:attachment":[{"href":"https:\/\/www.apekunheim.fr\/index.php?rest_route=%2Fwp%2Fv2%2Fmedia&parent=314"}],"curies":[{"name":"wp","href":"https:\/\/api.w.org\/{rel}","templated":true}]}}