{"id":7,"date":"2025-09-24T06:57:47","date_gmt":"2025-09-24T06:57:47","guid":{"rendered":"http:\/\/apekunheim-ymvcw.wordpress.com\/?page_id=1"},"modified":"2025-09-24T18:26:36","modified_gmt":"2025-09-24T17:26:36","slug":"a-propos","status":"publish","type":"page","link":"https:\/\/www.apekunheim.fr\/?page_id=7","title":{"rendered":"\u00c0 propos"},"content":{"rendered":"\n<p><\/p>\n\n\n\n<p>L\u2019association a \u00e9t\u00e9 cr\u00e9\u00e9e en 2016, suite \u00e0 une demande de l\u2019\u00e9quipe enseignante et de la directrice de l\u2019\u00e9cole maternelle, afin de les soulager de l\u2019organisation des diff\u00e9rentes manifestations se d\u00e9roulant hors du temps scolaire.<\/p>\n\n\n\n<p class=\"is-style-default\"><br>En 2021, l\u2019Association s\u2019est agrandie en s\u2019ouvrant aux deux \u00e9coles de Kunheim, l\u2019\u00e9cole maternelle \u00ab&nbsp;De la Terre \u00e0 la Lune&nbsp;\u00bb et l\u2019\u00e9cole \u00e9l\u00e9mentaire \u00ab&nbsp;Jules Verne&nbsp;\u00bb.<\/p>\n\n\n\n<p><br>L\u2019association est compos\u00e9e de parents b\u00e9n\u00e9voles, ou de toutes personnes d\u00e9sirant s\u2019investir pour les enfants et pour les \u00e9coles. Elle organise diff\u00e9rentes manifestations destin\u00e9es aux enfants des \u00e9coles, dans le but de cr\u00e9er des moments de partage entre eux, les parents, le<br>village et les \u00e9coles. Elle organise \u00e9galement des manifestations ext\u00e9rieures, participant activement \u00e0 la dynamisation de la vie culturelle du village.<\/p>\n\n\n\n<p>Les recettes de ces manifestations sont revers\u00e9es aux \u00e9coles, dans le but de financer des projets pr\u00e9cis, comme des sorties scolaires ou des classes vertes, des spectacles, des activit\u00e9s p\u00e9dagogiques ou l\u2019achat de mat\u00e9riel.<\/p>\n\n\n\n<p><br>Elle n\u2019oblige en aucun cas ses membres \u00e0 s\u2019impliquer \u00e0 temps plein pour la totalit\u00e9 des manifestations. Chaque personne s\u2019investie en fonction de sa volont\u00e9 et de ses possibilit\u00e9s.<\/p>\n\n\n\n<p><\/p>\n\n\n\n<p><\/p>\n\n\n\n<p><\/p>\n\n\n\n<p><em>Composition du bureau 2025\/2026 :<\/em><\/p>\n\n\n\n<ul class=\"wp-block-list\">\n<li>Pr\u00e9sidente : Cindy Prod\u00e9<\/li>\n\n\n\n<li>Vice pr\u00e9sidente : Justine Didierjean<\/li>\n\n\n\n<li>Tr\u00e9sori\u00e8re : Aur\u00e9lie Melnik<\/li>\n\n\n\n<li>Tr\u00e9sorier adjoint : Christophe Prod\u00e9<\/li>\n\n\n\n<li>Secr\u00e9taire : Olivier Melnik<\/li>\n\n\n\n<li>Secr\u00e9taire adjointe : Elodie Kammerer<\/li>\n<\/ul>\n","protected":false},"excerpt":{"rendered":"<p>L\u2019association a \u00e9t\u00e9 cr\u00e9\u00e9e en 2016, suite \u00e0 une demande de l\u2019\u00e9quipe enseignante et de la directrice de l\u2019\u00e9cole maternelle, afin de les soulager de l\u2019organisation des diff\u00e9rentes manifestations se d\u00e9roulant hors du temps scolaire. En 2021, l\u2019Association s\u2019est agrandie en s\u2019ouvrant aux deux \u00e9coles de Kunheim, l\u2019\u00e9cole maternelle \u00ab&nbsp;De la Terre \u00e0 la Lune&nbsp;\u00bb [&hellip;]<\/p>\n","protected":false},"author":2,"featured_media":0,"parent":0,"menu_order":1,"comment_status":"closed","ping_status":"open","template":"","meta":{"footnotes":""},"class_list":["post-7","page","type-page","status-publish","hentry"],"_links":{"self":[{"href":"https:\/\/www.apekunheim.fr\/index.php?rest_route=\/wp\/v2\/pages\/7","targetHints":{"allow":["GET"]}}],"collection":[{"href":"https:\/\/www.apekunheim.fr\/index.php?rest_route=\/wp\/v2\/pages"}],"about":[{"href":"https:\/\/www.apekunheim.fr\/index.php?rest_route=\/wp\/v2\/types\/page"}],"author":[{"embeddable":true,"href":"https:\/\/www.apekunheim.fr\/index.php?rest_route=\/wp\/v2\/users\/2"}],"replies":[{"embeddable":true,"href":"https:\/\/www.apekunheim.fr\/index.php?rest_route=%2Fwp%2Fv2%2Fcomments&post=7"}],"version-history":[{"count":9,"href":"https:\/\/www.apekunheim.fr\/index.php?rest_route=\/wp\/v2\/pages\/7\/revisions"}],"predecessor-version":[{"id":111,"href":"https:\/\/www.apekunheim.fr\/index.php?rest_route=\/wp\/v2\/pages\/7\/revisions\/111"}],"wp:attachment":[{"href":"https:\/\/www.apekunheim.fr\/index.php?rest_route=%2Fwp%2Fv2%2Fmedia&parent=7"}],"curies":[{"name":"wp","href":"https:\/\/api.w.org\/{rel}","templated":true}]}}