{"id":73,"date":"2025-09-24T18:22:06","date_gmt":"2025-09-24T17:22:06","guid":{"rendered":"https:\/\/www.apekunheim.fr\/?page_id=73"},"modified":"2025-11-21T09:18:05","modified_gmt":"2025-11-21T08:18:05","slug":"cross","status":"publish","type":"page","link":"https:\/\/www.apekunheim.fr\/?page_id=73","title":{"rendered":"Saint Martin"},"content":{"rendered":"\n<figure class=\"wp-block-image aligncenter size-full\"><img loading=\"lazy\" decoding=\"async\" width=\"335\" height=\"150\" src=\"https:\/\/www.apekunheim.fr\/wp-content\/uploads\/2025\/09\/lanterne.jpeg\" alt=\"\" class=\"wp-image-125\" srcset=\"https:\/\/www.apekunheim.fr\/wp-content\/uploads\/2025\/09\/lanterne.jpeg 335w, https:\/\/www.apekunheim.fr\/wp-content\/uploads\/2025\/09\/lanterne-300x134.jpeg 300w\" sizes=\"auto, (max-width: 335px) 100vw, 335px\" \/><\/figure>\n\n\n\n<div class=\"wp-block-group alignfull is-vertical is-content-justification-left is-layout-flex wp-container-core-group-is-layout-a4604676 wp-block-group-is-layout-flex\" style=\"margin-top:0;margin-bottom:0\">\n<p class=\"has-text-align-left\"><strong>La f\u00eate de la Saint-Martin se d\u00e9roulera le 10\/11\/2025 \u00e0 17h30.&nbsp;<\/strong><\/p>\n\n\n\n<p class=\"has-text-align-left is-style-default has-literata-font-family\" style=\"border-style:none;border-width:0px\">Compte tenu du plan Vigipirate en place au sein des \u00e9coles, nous sommes contraints de modifier notre organisation tout comme l&rsquo;an dernier\u2026 La f\u00eate aura lieu uniquement dans l\u2019enceinte de l\u2019\u00e9cole \u00e9l\u00e9mentaire Jules Verne et un filtrage strict des personnes participantes sera mis en place. Merci de votre compr\u00e9hension.<\/p>\n\n\n\n<p><\/p>\n\n\n\n<p class=\"has-literata-font-family\">Tous les \u00e9l\u00e8ves de l\u2019\u00e9cole maternelle et les \u00e9l\u00e8ves des classes CP\/CE1 monolingues et bilingues sont invit\u00e9s \u00e0 participer. Ils pourront ramener leurs lanternes.<\/p>\n\n\n\n<p class=\"has-literata-font-family\"><strong>Rendez-vous \u00e0 partir de 17h dans la cour de l\u2019\u00e9cole \u00e9l\u00e9mentaire Jules Verne (accueil de 17h \u00e0 17h30).<\/strong><\/p>\n\n\n\n<p class=\"has-literata-font-family\">Nous nous r\u00e9unirons tous \u00e0 17h30 \u00e0 la lumi\u00e8re des lanternes avec le Saint Martin et son poney. Les enfants chanteront les chansons apprises pour l\u2019occasion durant le d\u00e9fil\u00e9.&nbsp;<\/p>\n\n\n\n<p class=\"has-literata-font-family\">Puisque cette f\u00eate pr\u00f4ne le partage, nous d\u00e9gusterons ensemble une d\u00e9licieuse soupe de l\u00e9gumes pr\u00e9par\u00e9e \u00e0 l\u2019\u00e9cole et un bon go\u00fbter.<\/p>\n\n\n\n<p class=\"has-literata-font-family\"><strong>Cette ann\u00e9e, la l\u00e9gislation ne nous permet pas de d\u00e9filer dans les rues du village\u2026 Mais nous ferons un petit cort\u00e8ge dans la cour de l\u2019\u00e9cole tout de m\u00eame&nbsp;!<\/strong><\/p>\n\n\n\n<p class=\"has-accent-2-color has-text-color has-link-color has-literata-font-family wp-elements-a567c18426833b8aeb9bf9c9919080b8\"><mark style=\"background-color:rgba(0, 0, 0, 0);color:#f7e88c\" class=\"has-inline-color\"><strong>Durant toute la manifestation, vos enfants seront sous votre responsabilit\u00e9, l&rsquo;APEEK d\u00e9cline toute responsabilit\u00e9 en cas<\/strong> <strong>de probl\u00e8me.<\/strong><\/mark><\/p>\n\n\n\n<p class=\"has-literata-font-family\">Nous vous demandons de bien vouloir&nbsp;:<\/p>\n\n\n\n<ul class=\"wp-block-list has-literata-font-family\">\n<li>Equiper votre enfant d\u2019une perche \u00e0 LED pour porter et illuminer sa lanterne.&nbsp;<\/li>\n<\/ul>\n\n\n\n<p class=\"has-literata-font-family\">Vous pouvez en acheter par vos propres moyens chez DM, KIK, OBI, Edeka&nbsp;<\/p>\n\n\n\n<p class=\"has-literata-font-family\">ou<\/p>\n\n\n\n<p class=\"has-literata-font-family\">en commander une aupr\u00e8s de l&rsquo;APEEK pour 3 euros <strong>(ci-joint le bon de commande \u00e0 rendre au plus tard pour le 03\/11\/2025)<\/strong>.<\/p>\n\n\n\n<p class=\"has-literata-font-family\">Pour le bon d\u00e9roulement de cette f\u00eate, nous vous demandons \u00e9galement votre aide&nbsp;:<\/p>\n\n\n\n<p class=\"has-accent-2-color has-text-color has-link-color has-literata-font-family wp-elements-72b3ce38da93186e7f188e91383275a5\"><strong><mark style=\"background-color:rgba(0, 0, 0, 0);color:#f7e88c\" class=\"has-inline-color\">Pas de lien d\u2019inscription, nous comptons sur votre pr\u00e9sence&nbsp;et votre participation !<\/mark><\/strong><\/p>\n\n\n\n<ul class=\"wp-block-list has-literata-font-family\">\n<li><strong>Pour les parents de la classe bilingue<\/strong> : Ramener des l\u00e9gumes \u00e0 l&rsquo;\u00e9cole pour pr\u00e9parer la soupe.<\/li>\n<\/ul>\n\n\n\n<ul class=\"wp-block-list has-literata-font-family\">\n<li><strong>Pour les parents de la classe monolingue de ma\u00eetresse Aude<\/strong> : Pr\u00e9parer des g\u00e2teaux ou des p\u00e2tisseries (sal\u00e9s ou sucr\u00e9s, tant que c\u2019est bon&nbsp;\ud83d\ude09).<\/li>\n<\/ul>\n\n\n\n<ul class=\"wp-block-list has-literata-font-family\">\n<li><strong>Pour les parents de la classe monolingue de ma\u00eetresse S\u00e9verine<\/strong> : Ramener des boissons froides.<\/li>\n<\/ul>\n\n\n\n<p class=\"has-literata-font-family\">Les g\u00e2teaux et les boissons peuvent \u00eatre ramen\u00e9s dans la journ\u00e9e \u00e0 l\u2019\u00e9cole ou le soir \u00e0 17h.<\/p>\n\n\n\n<ul class=\"wp-block-list has-literata-font-family\">\n<li><strong>Les classes des CP\/CE1 sont invit\u00e9es et n\u2019ont rien \u00e0 ramener.<\/strong><\/li>\n\n\n\n<li><strong>Nous comptons sur tout le monde pour aider \u00e0 la pr\u00e9paration \u00e0 17h et au rangement en fin de manifestation!<\/strong><\/li>\n<\/ul>\n\n\n\n<p class=\"has-literata-font-family\">Merci d\u2019avance pour votre participation et votre aide pour le bon d\u00e9roulement de cette f\u00eate.<\/p>\n<\/div>\n\n\n\n<p class=\"has-accent-2-color has-text-color has-link-color wp-elements-4df1d4e5130fc86eefb81cfc8e250dae\"><mark style=\"background-color:rgba(0, 0, 0, 0);color:#f7e88c\" class=\"has-inline-color\">Le bon de commande et la feuille d&rsquo;inscription sont t\u00e9l\u00e9chargeables ci-dessous<\/mark><\/p>\n\n\n\n<div class=\"wp-block-group has-global-padding is-layout-constrained wp-block-group-is-layout-constrained\">\n<div class=\"wp-block-group has-global-padding is-layout-constrained wp-block-group-is-layout-constrained\">\n<div class=\"wp-block-file alignwide\"><a id=\"wp-block-file--media-4fb43b81-3e7e-4355-be87-1249a75aac67\" href=\"https:\/\/www.apekunheim.fr\/wp-content\/uploads\/2025\/09\/saint-martin-2025-1.pdf\">saint martin 2025<\/a><a href=\"https:\/\/www.apekunheim.fr\/wp-content\/uploads\/2025\/09\/saint-martin-2025-1.pdf\" class=\"wp-block-file__button wp-element-button\" download aria-describedby=\"wp-block-file--media-4fb43b81-3e7e-4355-be87-1249a75aac67\">T\u00e9l\u00e9charger<\/a><\/div>\n<\/div>\n<\/div>\n\n\n\n<figure class=\"wp-block-image aligncenter size-full\"><img loading=\"lazy\" decoding=\"async\" width=\"280\" height=\"162\" src=\"https:\/\/www.apekunheim.fr\/wp-content\/uploads\/2025\/09\/st-martin.jpeg\" alt=\"\" class=\"wp-image-126\"\/><\/figure>\n","protected":false},"excerpt":{"rendered":"<p>La f\u00eate de la Saint-Martin se d\u00e9roulera le 10\/11\/2025 \u00e0 17h30.&nbsp; Compte tenu du plan Vigipirate en place au sein des \u00e9coles, nous sommes contraints de modifier notre organisation tout comme l&rsquo;an dernier\u2026 La f\u00eate aura lieu uniquement dans l\u2019enceinte de l\u2019\u00e9cole \u00e9l\u00e9mentaire Jules Verne et un filtrage strict des personnes participantes sera mis en [&hellip;]<\/p>\n","protected":false},"author":1,"featured_media":0,"parent":0,"menu_order":3,"comment_status":"closed","ping_status":"closed","template":"page-no-title","meta":{"footnotes":""},"class_list":["post-73","page","type-page","status-publish","hentry"],"_links":{"self":[{"href":"https:\/\/www.apekunheim.fr\/index.php?rest_route=\/wp\/v2\/pages\/73","targetHints":{"allow":["GET"]}}],"collection":[{"href":"https:\/\/www.apekunheim.fr\/index.php?rest_route=\/wp\/v2\/pages"}],"about":[{"href":"https:\/\/www.apekunheim.fr\/index.php?rest_route=\/wp\/v2\/types\/page"}],"author":[{"embeddable":true,"href":"https:\/\/www.apekunheim.fr\/index.php?rest_route=\/wp\/v2\/users\/1"}],"replies":[{"embeddable":true,"href":"https:\/\/www.apekunheim.fr\/index.php?rest_route=%2Fwp%2Fv2%2Fcomments&post=73"}],"version-history":[{"count":9,"href":"https:\/\/www.apekunheim.fr\/index.php?rest_route=\/wp\/v2\/pages\/73\/revisions"}],"predecessor-version":[{"id":313,"href":"https:\/\/www.apekunheim.fr\/index.php?rest_route=\/wp\/v2\/pages\/73\/revisions\/313"}],"wp:attachment":[{"href":"https:\/\/www.apekunheim.fr\/index.php?rest_route=%2Fwp%2Fv2%2Fmedia&parent=73"}],"curies":[{"name":"wp","href":"https:\/\/api.w.org\/{rel}","templated":true}]}}